{"id":646,"date":"2019-05-03T19:04:56","date_gmt":"2019-05-03T17:04:56","guid":{"rendered":"http:\/\/www.panarcos.com\/contacto\/"},"modified":"2022-07-29T11:46:19","modified_gmt":"2022-07-29T09:46:19","slug":"%e8%81%94%e7%b3%bb%e6%96%b9%e5%bc%8f","status":"publish","type":"page","link":"https:\/\/www.panarcos.com\/zh-hans\/%e8%81%94%e7%b3%bb%e6%96%b9%e5%bc%8f\/","title":{"rendered":"\u8054\u7cfb\u65b9\u5f0f"},"content":{"rendered":"<section class=\"wpb-content-wrapper\"><p>[vc_row full_width=&#8221;stretch_row&#8221; content_placement=&#8221;middle&#8221; css=&#8221;.vc_custom_1561623584595{margin-top: 0px !important;margin-bottom: 0px !important;padding-top: 150px !important;padding-bottom: 150px !important;background: #1c54a5 url(https:\/\/www.panarcos.com\/wp-content\/uploads\/2019\/06\/oficinas-eisenhower-madrid.jpg?id=788) !important;background-position: center !important;background-repeat: no-repeat !important;background-size: cover !important;}&#8221;][vc_column][vc_custom_heading text=&#8221;\u8054\u7cfb\u6211\u4eec&#8221; font_container=&#8221;tag:h5|text_align:center|color:%23ffffff&#8221; use_theme_fonts=&#8221;yes&#8221; el_class=&#8221;sombreado&#8221;][vc_custom_heading text=&#8221;\u53ef\u4ee5\u7ed9\u6211\u4eec\u7559\u4e0b\u60a8\u7684\u5b9d\u8d35\u610f\u89c1\u548c\u5efa\u8bae&#8221; font_container=&#8221;tag:h2|text_align:center|color:%23ffffff&#8221; use_theme_fonts=&#8221;yes&#8221; el_class=&#8221;sombreado&#8221;][vc_custom_heading text=&#8221;\u60a8\u53ef\u4ee5\u901a\u8fc7\u586b\u5199\u8868\u683c\u54a8\u8be2\u95ee\u9898\uff0c\u6216\u8005\u7ed9\u6211\u4eec\u63d0\u4f9b\u610f\u89c1\u548c\u5efa\u8bae\u8ba9\u6211\u4eec\u80fd\u66f4\u597d\u7684\u4e3a\u60a8\u670d\u52a1<br \/>\n\u611f\u8c22\u60a8\u7684\u5408\u4f5c&#8221; font_container=&#8221;tag:p|text_align:center|color:%23ffffff&#8221; use_theme_fonts=&#8221;yes&#8221; css=&#8221;.vc_custom_1559211820321{padding-right: 15% !important;padding-left: 15% !important;}&#8221; el_class=&#8221;frase-cabecera&#8221;][\/vc_column][\/vc_row][vc_row][vc_column width=&#8221;1\/4&#8243;]<div id=\"title-with-icon_icon6585\" class=\"title-with-icon-wrapper clear large \" data-color=\"\">\r\n\t\t\t<div class=\"wpb_content_element title-with-icon clearfix margin-bottom-0 \"><span  class=\"span-icon oic-fi2-mail-send clear large \" ><\/span><h5 class=\"content-color\" style=\"\">\u7535\u5b50\u90ae\u7bb1<\/h5>\r\n\t\t\t<\/div><div class=\"wpb_content_element left-cs title-with-icon-content large clearfix\" style=\"\"><\/p>\n<h4>control@panarcos.com<\/h4>\n<p><\/div><\/div>[\/vc_column][vc_column width=&#8221;1\/4&#8243;]<div id=\"title-with-icon_icon8109\" class=\"title-with-icon-wrapper clear large \" data-color=\"\">\r\n\t\t\t<div class=\"wpb_content_element title-with-icon clearfix margin-bottom-0 \"><span  class=\"span-icon oic-fi2-telephone clear large \" ><\/span><h5 class=\"content-color\" style=\"\">\u8054\u7cfb\u7535\u8bdd<\/h5>\r\n\t\t\t<\/div><div class=\"wpb_content_element left-cs title-with-icon-content large clearfix\" style=\"\"><\/p>\n<h4>+34 913 29 32 67<\/h4>\n<p><\/div><\/div>[\/vc_column][vc_column width=&#8221;1\/4&#8243;][\/vc_column][vc_column width=&#8221;1\/4&#8243;][\/vc_column][\/vc_row][vc_row][vc_column][vc_separator][vc_row_inner css=&#8221;.vc_custom_1495809640447{margin-bottom: 0px !important;padding-bottom: 60px !important;}&#8221;][vc_column_inner width=&#8221;1\/3&#8243;]<h4 class=\"ozy-divider-cap-left wpb_content_element\" >\u516c\u53f8\u603b\u90e8<\/h4><div class=\"ozy-content-divider  \" style=\"border-top-style:solid;border-top-width:2px;border-top-color:#fac033;width:40px;max-width:40px;left:0;\"><\/div>[vc_column_text]Centro Negocios Eisenhower,<br \/>\nAv. Sur del Aeropuerto de Barajas, 28,<br \/>\n28042 \u9a6c\u5fb7\u91cc<br \/>\n\u897f\u73ed\u7259[\/vc_column_text][\/vc_column_inner][vc_column_inner width=&#8221;2\/3&#8243;]\n<div class=\"wpcf7 no-js\" id=\"wpcf7-f669-o1\" lang=\"es-ES\" dir=\"ltr\">\n<div class=\"screen-reader-response\"><p role=\"status\" aria-live=\"polite\" aria-atomic=\"true\"><\/p> <ul><\/ul><\/div>\n<form action=\"\/zh-hans\/wp-json\/wp\/v2\/pages\/646#wpcf7-f669-o1\" method=\"post\" class=\"wpcf7-form init\" aria-label=\"Formulario de contacto\" novalidate=\"novalidate\" data-status=\"init\">\n<div style=\"display: none;\">\n<input type=\"hidden\" name=\"_wpcf7\" value=\"669\" \/>\n<input type=\"hidden\" name=\"_wpcf7_version\" value=\"5.9.8\" \/>\n<input type=\"hidden\" name=\"_wpcf7_locale\" value=\"es_ES\" \/>\n<input type=\"hidden\" name=\"_wpcf7_unit_tag\" value=\"wpcf7-f669-o1\" \/>\n<input type=\"hidden\" name=\"_wpcf7_container_post\" value=\"0\" \/>\n<input type=\"hidden\" name=\"_wpcf7_posted_data_hash\" value=\"\" \/>\n<input type=\"hidden\" name=\"_wpcf7cf_hidden_group_fields\" value=\"[]\" \/>\n<input type=\"hidden\" name=\"_wpcf7cf_hidden_groups\" value=\"[]\" \/>\n<input type=\"hidden\" name=\"_wpcf7cf_visible_groups\" value=\"[]\" \/>\n<input type=\"hidden\" name=\"_wpcf7cf_repeaters\" value=\"[]\" \/>\n<input type=\"hidden\" name=\"_wpcf7cf_steps\" value=\"{}\" \/>\n<input type=\"hidden\" name=\"_wpcf7cf_options\" value=\"{&quot;form_id&quot;:669,&quot;conditions&quot;:[],&quot;settings&quot;:{&quot;animation&quot;:&quot;yes&quot;,&quot;animation_intime&quot;:200,&quot;animation_outtime&quot;:200,&quot;conditions_ui&quot;:&quot;normal&quot;,&quot;notice_dismissed&quot;:false,&quot;notice_dismissed_update-cf7-6.0.4&quot;:true}}\" \/>\n<\/div>\n<p class=\"ozy-half-input\"><span class=\"wpcf7-form-control-wrap\" data-name=\"your-name\"><input size=\"40\" maxlength=\"400\" class=\"wpcf7-form-control wpcf7-text wpcf7-validates-as-required\" aria-required=\"true\" aria-invalid=\"false\" placeholder=\"\u59d3\u540d *\" value=\"\" type=\"text\" name=\"your-name\" \/><\/span>\n<\/p>\n<p class=\"ozy-half-input-last\"><span class=\"wpcf7-form-control-wrap\" data-name=\"empresa\"><input size=\"40\" maxlength=\"400\" class=\"wpcf7-form-control wpcf7-text wpcf7-validates-as-required\" aria-required=\"true\" aria-invalid=\"false\" placeholder=\"\u516c\u53f8 *\" value=\"\" type=\"text\" name=\"empresa\" \/><\/span>\n<\/p>\n<p class=\"ozy-full-input\"><span class=\"wpcf7-form-control-wrap\" data-name=\"your-email\"><input size=\"40\" maxlength=\"400\" class=\"wpcf7-form-control wpcf7-email wpcf7-validates-as-required wpcf7-text wpcf7-validates-as-email\" aria-required=\"true\" aria-invalid=\"false\" placeholder=\"\u90ae\u7bb1 *\" value=\"\" type=\"email\" name=\"your-email\" \/><\/span>\n<\/p>\n<p class=\"ozy-full-input\"><span class=\"wpcf7-form-control-wrap\" data-name=\"tel-779\"><input size=\"40\" maxlength=\"400\" class=\"wpcf7-form-control wpcf7-tel wpcf7-validates-as-required wpcf7-text wpcf7-validates-as-tel\" aria-required=\"true\" aria-invalid=\"false\" placeholder=\"\u7535\u8bdd *\" value=\"\" type=\"tel\" name=\"tel-779\" \/><\/span>\n<\/p>\n<p class=\"ozy-full-input\"><span class=\"wpcf7-form-control-wrap\" data-name=\"departamento\"><select class=\"wpcf7-form-control wpcf7-select\" aria-invalid=\"false\" name=\"departamento\"><option value=\"\">&#8212;Por favor, elige una opci\u00f3n&#8212;<\/option><option value=\"\u9500\u552e\">\u9500\u552e<\/option><option value=\"\u7269\u6d41\">\u7269\u6d41<\/option><option value=\"\u8d22\u52a1\">\u8d22\u52a1<\/option><option value=\"\u603b\u7ecf\u7406\u529e\u516c\u5ba4\">\u603b\u7ecf\u7406\u529e\u516c\u5ba4<\/option><\/select><\/span>\n<\/p>\n<p class=\"ozy-full-input\"><span class=\"wpcf7-form-control-wrap\" data-name=\"your-message\"><textarea cols=\"40\" rows=\"3\" maxlength=\"2000\" class=\"wpcf7-form-control wpcf7-textarea\" aria-invalid=\"false\" placeholder=\"\u6d88\u606f\" name=\"your-message\"><\/textarea><\/span>\n<\/p>\n<p class=\"ozy-full-input\"><span class=\"wpcf7-form-control-wrap\" data-name=\"acceptance-656\"><span class=\"wpcf7-form-control wpcf7-acceptance optional\"><span class=\"wpcf7-list-item\"><label><input type=\"checkbox\" name=\"acceptance-656\" value=\"1\" aria-invalid=\"false\" \/><span class=\"wpcf7-list-item-label\">\u6211\u60f3\u6536\u5230Panarcos\u516c\u53f8\u7684\u65f6\u4e8b\u901a\u8baf<\/span><\/label><\/span><\/span><\/span>\n<\/p>\n<p class=\"ozy-full-input\"><span class=\"wpcf7-form-control-wrap\" data-name=\"acceptance-963\"><span class=\"wpcf7-form-control wpcf7-acceptance\"><span class=\"wpcf7-list-item\"><label><input type=\"checkbox\" name=\"acceptance-963\" value=\"1\" aria-invalid=\"false\" \/><span class=\"wpcf7-list-item-label\"><a href=\"https:\/\/www.panarcos.com\/politica-de-privacidad\/?lang=zh-hans\" target=\"_blank\">\u6211\u5df2\u9605\u8bfb\u5e76\u63a5\u53d7\u9690\u79c1\u653f\u7b56<\/a> *.<\/span><\/label><\/span><\/span><\/span>\n<\/p>\n<p class=\"ozy-full-input-center\"><input class=\"wpcf7-form-control wpcf7-submit has-spinner\" type=\"submit\" value=\"\u53d1\u9001\" \/>\n<\/p><p style=\"display: none !important;\" class=\"akismet-fields-container\" data-prefix=\"_wpcf7_ak_\"><label>&#916;<textarea name=\"_wpcf7_ak_hp_textarea\" cols=\"45\" rows=\"8\" maxlength=\"100\"><\/textarea><\/label><input type=\"hidden\" id=\"ak_js_1\" name=\"_wpcf7_ak_js\" value=\"156\"\/><script>document.getElementById( \"ak_js_1\" ).setAttribute( \"value\", ( new Date() ).getTime() );<\/script><\/p><div class=\"wpcf7-response-output\" aria-hidden=\"true\"><\/div>\n<\/form>\n<\/div>\n[vc_column_text]<strong>\u8bf7\u586b\u5199\u5fc5\u586b\u5185\u5bb9*<\/strong><\/p>\n<p><small>\u672c\u7f51\u7ad9\u53d7reCAPTCHA\u4fdd\u62a4\uff0c\u9002\u7528\u9690\u79c1\u653f\u7b56\u548cGoogle\u670d\u52a1\u6761\u6b3e\u3002<\/small>[\/vc_column_text][\/vc_column_inner][\/vc_row_inner][\/vc_column][\/vc_row][vc_row][vc_column][vc_column_text][\/vc_column_text][\/vc_column][\/vc_row]<\/p>\n<\/section>","protected":false},"excerpt":{"rendered":"<p>[vc_row full_width=&#8221;stre [&hellip;]<\/p>\n","protected":false},"author":1,"featured_media":0,"parent":0,"menu_order":0,"comment_status":"closed","ping_status":"closed","template":"","meta":{"footnotes":""},"yoast_head":"<!-- This site is optimized with the Yoast SEO plugin v24.5 - https:\/\/yoast.com\/wordpress\/plugins\/seo\/ -->\n<title>\u8054\u7cfb\u65b9\u5f0f - Panarcos<\/title>\n<meta name=\"description\" content=\"Consulta dudas sobre el transporte internacional de mercanc\u00edas llam\u00e1ndonos al +34 913 29 32 67 o escr\u00edbenos a control1@panarcos.com\" \/>\n<meta name=\"robots\" content=\"noindex, follow\" \/>\n<meta property=\"og:locale\" content=\"zh_CN\" \/>\n<meta property=\"og:type\" content=\"article\" \/>\n<meta property=\"og:title\" content=\"\u8054\u7cfb\u65b9\u5f0f - Panarcos\" \/>\n<meta property=\"og:description\" content=\"Consulta dudas sobre el transporte internacional de mercanc\u00edas llam\u00e1ndonos al +34 913 29 32 67 o escr\u00edbenos a control1@panarcos.com\" \/>\n<meta property=\"og:url\" content=\"https:\/\/www.panarcos.com\/zh-hans\/%e8%81%94%e7%b3%bb%e6%96%b9%e5%bc%8f\/\" \/>\n<meta property=\"og:site_name\" content=\"Panarcos\" \/>\n<meta property=\"article:modified_time\" content=\"2022-07-29T09:46:19+00:00\" \/>\n<meta name=\"twitter:card\" content=\"summary_large_image\" \/>\n<meta name=\"twitter:label1\" content=\"\u9884\u8ba1\u9605\u8bfb\u65f6\u95f4\" \/>\n\t<meta name=\"twitter:data1\" content=\"1 \u5206\" \/>\n<!-- \/ Yoast SEO plugin. -->","yoast_head_json":{"title":"\u8054\u7cfb\u65b9\u5f0f - Panarcos","description":"Consulta dudas sobre el transporte internacional de mercanc\u00edas llam\u00e1ndonos al +34 913 29 32 67 o escr\u00edbenos a control1@panarcos.com","robots":{"index":"noindex","follow":"follow"},"og_locale":"zh_CN","og_type":"article","og_title":"\u8054\u7cfb\u65b9\u5f0f - Panarcos","og_description":"Consulta dudas sobre el transporte internacional de mercanc\u00edas llam\u00e1ndonos al +34 913 29 32 67 o escr\u00edbenos a control1@panarcos.com","og_url":"https:\/\/www.panarcos.com\/zh-hans\/%e8%81%94%e7%b3%bb%e6%96%b9%e5%bc%8f\/","og_site_name":"Panarcos","article_modified_time":"2022-07-29T09:46:19+00:00","twitter_card":"summary_large_image","twitter_misc":{"\u9884\u8ba1\u9605\u8bfb\u65f6\u95f4":"1 \u5206"},"schema":{"@context":"https:\/\/schema.org","@graph":[{"@type":"WebPage","@id":"https:\/\/www.panarcos.com\/zh-hans\/%e8%81%94%e7%b3%bb%e6%96%b9%e5%bc%8f\/","url":"https:\/\/www.panarcos.com\/zh-hans\/%e8%81%94%e7%b3%bb%e6%96%b9%e5%bc%8f\/","name":"\u8054\u7cfb\u65b9\u5f0f - Panarcos","isPartOf":{"@id":"https:\/\/www.panarcos.com\/zh-hans\/#website"},"datePublished":"2019-05-03T17:04:56+00:00","dateModified":"2022-07-29T09:46:19+00:00","description":"Consulta dudas sobre el transporte internacional de mercanc\u00edas llam\u00e1ndonos al +34 913 29 32 67 o escr\u00edbenos a control1@panarcos.com","breadcrumb":{"@id":"https:\/\/www.panarcos.com\/zh-hans\/%e8%81%94%e7%b3%bb%e6%96%b9%e5%bc%8f\/#breadcrumb"},"inLanguage":"zh-Hans","potentialAction":[{"@type":"ReadAction","target":["https:\/\/www.panarcos.com\/zh-hans\/%e8%81%94%e7%b3%bb%e6%96%b9%e5%bc%8f\/"]}]},{"@type":"BreadcrumbList","@id":"https:\/\/www.panarcos.com\/zh-hans\/%e8%81%94%e7%b3%bb%e6%96%b9%e5%bc%8f\/#breadcrumb","itemListElement":[{"@type":"ListItem","position":1,"name":"Portada","item":"https:\/\/www.panarcos.com\/zh-hans\/"},{"@type":"ListItem","position":2,"name":"\u8054\u7cfb\u65b9\u5f0f"}]},{"@type":"WebSite","@id":"https:\/\/www.panarcos.com\/zh-hans\/#website","url":"https:\/\/www.panarcos.com\/zh-hans\/","name":"Panarcos","description":"L\u00edder en transporte internacional. Espa\u00f1a EEUU Asia","publisher":{"@id":"https:\/\/www.panarcos.com\/zh-hans\/#organization"},"potentialAction":[{"@type":"SearchAction","target":{"@type":"EntryPoint","urlTemplate":"https:\/\/www.panarcos.com\/zh-hans\/?s={search_term_string}"},"query-input":{"@type":"PropertyValueSpecification","valueRequired":true,"valueName":"search_term_string"}}],"inLanguage":"zh-Hans"},{"@type":"Organization","@id":"https:\/\/www.panarcos.com\/zh-hans\/#organization","name":"Panarcos","url":"https:\/\/www.panarcos.com\/zh-hans\/","logo":{"@type":"ImageObject","inLanguage":"zh-Hans","@id":"https:\/\/www.panarcos.com\/zh-hans\/#\/schema\/logo\/image\/","url":"https:\/\/www.panarcos.com\/wp-content\/uploads\/2019\/05\/Panarcos_Frontal-Oficina.png","contentUrl":"https:\/\/www.panarcos.com\/wp-content\/uploads\/2019\/05\/Panarcos_Frontal-Oficina.png","width":785,"height":297,"caption":"Panarcos"},"image":{"@id":"https:\/\/www.panarcos.com\/zh-hans\/#\/schema\/logo\/image\/"}}]}},"_links":{"self":[{"href":"https:\/\/www.panarcos.com\/zh-hans\/wp-json\/wp\/v2\/pages\/646"}],"collection":[{"href":"https:\/\/www.panarcos.com\/zh-hans\/wp-json\/wp\/v2\/pages"}],"about":[{"href":"https:\/\/www.panarcos.com\/zh-hans\/wp-json\/wp\/v2\/types\/page"}],"author":[{"embeddable":true,"href":"https:\/\/www.panarcos.com\/zh-hans\/wp-json\/wp\/v2\/users\/1"}],"replies":[{"embeddable":true,"href":"https:\/\/www.panarcos.com\/zh-hans\/wp-json\/wp\/v2\/comments?post=646"}],"version-history":[{"count":8,"href":"https:\/\/www.panarcos.com\/zh-hans\/wp-json\/wp\/v2\/pages\/646\/revisions"}],"predecessor-version":[{"id":1090,"href":"https:\/\/www.panarcos.com\/zh-hans\/wp-json\/wp\/v2\/pages\/646\/revisions\/1090"}],"wp:attachment":[{"href":"https:\/\/www.panarcos.com\/zh-hans\/wp-json\/wp\/v2\/media?parent=646"}],"curies":[{"name":"wp","href":"https:\/\/api.w.org\/{rel}","templated":true}]}}