{"id":587,"date":"2019-05-03T18:48:57","date_gmt":"2019-05-03T16:48:57","guid":{"rendered":"http:\/\/www.panarcos.com\/servicios\/"},"modified":"2019-06-03T09:40:39","modified_gmt":"2019-06-03T07:40:39","slug":"%e6%8f%90%e4%be%9b%e6%9c%8d%e5%8a%a1","status":"publish","type":"page","link":"https:\/\/www.panarcos.com\/zh-hans\/%e6%8f%90%e4%be%9b%e6%9c%8d%e5%8a%a1\/","title":{"rendered":"\u63d0\u4f9b\u670d\u52a1"},"content":{"rendered":"<section class=\"wpb-content-wrapper\"><p>[vc_row full_width=&#8221;stretch_row&#8221; parallax=&#8221;content-moving&#8221; parallax_image=&#8221;43&#8243; parallax_speed_bg=&#8221;2&#8243; css=&#8221;.vc_custom_1556904594676{margin-top: 0px !important;margin-bottom: 0px !important;padding-top: 120px !important;padding-bottom: 120px !important;}&#8221;][vc_column][vc_custom_heading text=&#8221;\u63d0\u4f9b\u670d\u52a1&#8221; font_container=&#8221;tag:h1|text_align:left|color:%23ffffff&#8221; use_theme_fonts=&#8221;yes&#8221;][\/vc_column][\/vc_row][vc_row css=&#8221;.vc_custom_1554198982140{margin-top: 30px !important;}&#8221;][vc_column width=&#8221;1\/2&#8243;]<div id=\"ochvbx-7640\" class=\"ozy-cta-hover-box full_box box-left wpb_content_element \" style=\";min-height:240px\"><a href=\"http:\/\/www.panarcos.com\/zh-hans\/%E6%8F%90%E4%BE%9B%E6%9C%8D%E5%8A%A1\/%E7%BE%8E%E5%9B%BD\/\"  target=\"\" class=\"heading-font-family\">\n<h4>\u7f8e\u56fd<\/h4>\n<p>\u6211\u4eec\u662f\u7b2c\u4e00\u6279\u4ece\u7f8e\u56fd\u5230\u897f\u73ed\u7259\u7684\u8fdb\u53e3\u8fd0\u8f93\u96c6\u8fd0\u5546\u3002 \u6211\u4eec\u5e2e\u52a9\u60a8\u627e\u5230\u8d27\u7269\u8fd0\u8f93\u7684\u6700\u4f73\u65b9\u5f0f\u3002<\/p><i class=\"oic-right-open box-icon\"><\/i><\/a><\/div>[\/vc_column][vc_column width=&#8221;1\/2&#8243;]<div id=\"ochvbx-1637\" class=\"ozy-cta-hover-box full_box box-left wpb_content_element \" style=\";min-height:240px\"><a href=\"http:\/\/www.panarcos.com\/zh-hans\/%E6%8F%90%E4%BE%9B%E6%9C%8D%E5%8A%A1\/%E4%BA%9A%E6%B4%B2\/\"  target=\"\" class=\"heading-font-family\">\n<h4>\u4e9a\u6d32<\/h4>\n<p>\u8fd1\u5e74\u6765\uff0c\u6211\u4eec\u5f00\u62d3\u4e86\u4e9a\u6d32\u5e02\u573a\uff0c\u5f80\u6765\u4e8e\u8fd9\u4e2a\u5927\u9646\u7684\u8d27\u7269\u8fd0\u8f93\u5448\u6307\u6570\u589e\u957f\u3002<\/p><i class=\"oic-right-open box-icon\"><\/i><\/a><\/div>[\/vc_column][\/vc_row][vc_row][vc_column width=&#8221;1\/2&#8243;]<div id=\"ochvbx-6562\" class=\"ozy-cta-hover-box full_box box-left wpb_content_element \" style=\";min-height:240px\"><a href=\"http:\/\/www.panarcos.com\/zh-hans\/%E6%8F%90%E4%BE%9B%E6%9C%8D%E5%8A%A1\/%E7%A9%BA%E8%BF%90\/\"  target=\"\" class=\"heading-font-family\">\n<h4>\u7a7a\u8fd0<\/h4>\n<p>\u6211\u4eec\u5728\u822a\u7a7a\u8fd0\u8f93\u9886\u57df\u6709\u4e00\u652f\u4e13\u4e1a\u56e2\u961f\uff0c\u62e5\u6709\u8d85\u8fc720\u5e74\u7684\u4e30\u5bcc\u7ecf\u9a8c\uff0c\u5168\u9762\u6ee1\u8db3\u5ba2\u6237\u7684\u6240\u6709\u9700\u6c42\u3002<\/p><i class=\"oic-right-open box-icon\"><\/i><\/a><\/div>[\/vc_column][vc_column width=&#8221;1\/2&#8243;]<div id=\"ochvbx-824\" class=\"ozy-cta-hover-box full_box box-left wpb_content_element \" style=\";min-height:240px\"><a href=\"http:\/\/www.panarcos.com\/zh-hans\/%E6%8F%90%E4%BE%9B%E6%9C%8D%E5%8A%A1\/%E6%B5%B7%E8%BF%90\/\"  target=\"\" class=\"heading-font-family\">\n<h4>\u6d77\u8fd0<\/h4>\n<p>\u6211\u4eec\u63d0\u4f9b\u5404\u79cd\u6d77\u8fd0\u670d\u52a1\uff0c\u7279\u522b\u662f\u6765\u81ea\u4e9a\u6d32\u548c\u7f8e\u56fd\u7684\u6d77\u8fd0\u670d\u52a1\u3002<\/p><i class=\"oic-right-open box-icon\"><\/i><\/a><\/div>[\/vc_column][\/vc_row][vc_row][vc_column width=&#8221;1\/2&#8243;]<div id=\"ochvbx-283\" class=\"ozy-cta-hover-box full_box box-left wpb_content_element \" style=\";min-height:240px\"><a href=\"http:\/\/www.panarcos.com\/zh-hans\/%E6%8F%90%E4%BE%9B%E6%9C%8D%E5%8A%A1\/%E9%99%86%E8%BF%90\/\"  target=\"\" class=\"heading-font-family\">\n<h4>\u9646\u8fd0<\/h4>\n<p>\u6211\u4eec\u901a\u8fc7\u9646\u8def\u8fd0\u8f93\u60a8\u7684\u8d27\u7269\uff0c\u59cb\u7ec8\u4fdd\u6301\u6211\u4eec\u8bb2\u7a76\u6548\u7387\u7684\u7279\u70b9\u3002<\/p><i class=\"oic-right-open box-icon\"><\/i><\/a><\/div>[\/vc_column][vc_column width=&#8221;1\/2&#8243;]<div id=\"ochvbx-872\" class=\"ozy-cta-hover-box full_box box-left wpb_content_element \" style=\";min-height:240px\"><a href=\"http:\/\/www.panarcos.com\/zh-hans\/%E6%8F%90%E4%BE%9B%E6%9C%8D%E5%8A%A1\/%E6%B5%B7%E5%85%B3\/\"  target=\"\" class=\"heading-font-family\">\n<h4>\u6d77\u5173<\/h4>\n<p>\u6211\u4eec\u53ef\u4ee5\u5904\u7406\u897f\u73ed\u7259\u4efb\u4f55\u6d77\u5173\u7684\u6e05\u5173\u3002<\/p><i class=\"oic-right-open box-icon\"><\/i><\/a><\/div>[\/vc_column][\/vc_row][vc_row css=&#8221;.vc_custom_1554198942708{margin-bottom: 30px !important;}&#8221;][vc_column width=&#8221;1\/2&#8243;]<div id=\"ochvbx-6157\" class=\"ozy-cta-hover-box full_box box-left wpb_content_element \" style=\";min-height:240px\"><a href=\"http:\/\/www.panarcos.com\/zh-hans\/%E6%8F%90%E4%BE%9B%E6%9C%8D%E5%8A%A1\/%E4%BF%9D%E9%99%A9\/\"  target=\"\" class=\"heading-font-family\">\n<h4>\u4fdd\u9669<\/h4>\n<p>\u6211\u4eec\u62e5\u6709\u6700\u597d\u7684\u5168\u98ce\u9669\u4fdd\u9669\uff0c\u53ef\u4ee5\u5feb\u901f\u505a\u51fa\u56de\u5e94\u3002<\/p><i class=\"oic-right-open box-icon\"><\/i><\/a><\/div>[\/vc_column][vc_column width=&#8221;1\/2&#8243;][\/vc_column][\/vc_row][vc_row full_width=&#8221;stretch_row&#8221; css=&#8221;.vc_custom_1554198686577{margin-top: 0px !important;margin-bottom: 0px !important;padding-top: 40px !important;padding-right: 20% !important;padding-bottom: 40px !important;padding-left: 20% !important;background-color: #1c54a5 !important;}&#8221;][vc_column width=&#8221;3\/4&#8243; css=&#8221;.vc_custom_1554198792821{margin-top: 0px !important;border-right-width: 1px !important;padding-top: 0px !important;border-right-color: rgba(255,255,255,0.4) !important;}&#8221;][vc_custom_heading text=&#8221;\u62a5\u4ef7\u54a8\u8be2&#8221; font_container=&#8221;tag:h3|text_align:left|color:%23ffffff&#8221; use_theme_fonts=&#8221;yes&#8221;][vc_custom_heading text=&#8221;\u6211\u4eec\u4f1a\u89e3\u51b3\u60a8\u7684\u4efb\u4f55\u7591\u95ee&#8221; font_container=&#8221;tag:h5|text_align:left|color:%23ffffff&#8221; use_theme_fonts=&#8221;yes&#8221;][\/vc_column][vc_column width=&#8221;1\/4&#8243; css=&#8221;.vc_custom_1554198897584{margin-top: 0px !important;padding-top: 0px !important;}&#8221;]<span  id=\"wofcb-64048\" class=\"ozy-custom_button_w\"><a id=\"ofcb-64048\" class=\"ozy-custom_button  ocbtn-6\"  href=\"http:\/\/www.panarcos.com\/zh-hans\/%E8%81%94%E7%B3%BB%E6%96%B9%E5%BC%8F\/%E6%8A%A5%E4%BB%B7%E5%92%A8%E8%AF%A2\/\"  target=\"\" >\u62a5\u4ef7\u54a8\u8be2<span><\/span><\/a><\/span>[\/vc_column][\/vc_row]<\/p>\n<\/section>","protected":false},"excerpt":{"rendered":"<p>[vc_row full_width=&#8221;stre [&hellip;]<\/p>\n","protected":false},"author":1,"featured_media":0,"parent":0,"menu_order":0,"comment_status":"closed","ping_status":"closed","template":"","meta":{"footnotes":""},"yoast_head":"<!-- This site is optimized with the Yoast SEO plugin v24.5 - https:\/\/yoast.com\/wordpress\/plugins\/seo\/ -->\n<title>Servicios de transporte internacional - Panarcos<\/title>\n<meta name=\"description\" content=\"Panarcos ofrece servicios de transporte internacional terrestre, a\u00e9reo y mar\u00edtimo principalmente para importaciones entre Espa\u00f1a, EEUU y China.\" \/>\n<meta name=\"robots\" content=\"index, follow, max-snippet:-1, max-image-preview:large, max-video-preview:-1\" \/>\n<link rel=\"canonical\" href=\"https:\/\/www.panarcos.com\/zh-hans\/%e6%8f%90%e4%be%9b%e6%9c%8d%e5%8a%a1\/\" \/>\n<meta property=\"og:locale\" content=\"zh_CN\" \/>\n<meta property=\"og:type\" content=\"article\" \/>\n<meta property=\"og:title\" content=\"Servicios de transporte internacional - Panarcos\" \/>\n<meta property=\"og:description\" content=\"Panarcos ofrece servicios de transporte internacional terrestre, a\u00e9reo y mar\u00edtimo principalmente para importaciones entre Espa\u00f1a, EEUU y China.\" \/>\n<meta property=\"og:url\" content=\"https:\/\/www.panarcos.com\/zh-hans\/%e6%8f%90%e4%be%9b%e6%9c%8d%e5%8a%a1\/\" \/>\n<meta property=\"og:site_name\" content=\"Panarcos\" \/>\n<meta property=\"article:modified_time\" content=\"2019-06-03T07:40:39+00:00\" \/>\n<meta name=\"twitter:card\" content=\"summary_large_image\" \/>\n<meta name=\"twitter:label1\" content=\"\u9884\u8ba1\u9605\u8bfb\u65f6\u95f4\" \/>\n\t<meta name=\"twitter:data1\" content=\"3 \u5206\" \/>\n<!-- \/ Yoast SEO plugin. -->","yoast_head_json":{"title":"Servicios de transporte internacional - Panarcos","description":"Panarcos ofrece servicios de transporte internacional terrestre, a\u00e9reo y mar\u00edtimo principalmente para importaciones entre Espa\u00f1a, EEUU y China.","robots":{"index":"index","follow":"follow","max-snippet":"max-snippet:-1","max-image-preview":"max-image-preview:large","max-video-preview":"max-video-preview:-1"},"canonical":"https:\/\/www.panarcos.com\/zh-hans\/%e6%8f%90%e4%be%9b%e6%9c%8d%e5%8a%a1\/","og_locale":"zh_CN","og_type":"article","og_title":"Servicios de transporte internacional - Panarcos","og_description":"Panarcos ofrece servicios de transporte internacional terrestre, a\u00e9reo y mar\u00edtimo principalmente para importaciones entre Espa\u00f1a, EEUU y China.","og_url":"https:\/\/www.panarcos.com\/zh-hans\/%e6%8f%90%e4%be%9b%e6%9c%8d%e5%8a%a1\/","og_site_name":"Panarcos","article_modified_time":"2019-06-03T07:40:39+00:00","twitter_card":"summary_large_image","twitter_misc":{"\u9884\u8ba1\u9605\u8bfb\u65f6\u95f4":"3 \u5206"},"schema":{"@context":"https:\/\/schema.org","@graph":[{"@type":"WebPage","@id":"https:\/\/www.panarcos.com\/zh-hans\/%e6%8f%90%e4%be%9b%e6%9c%8d%e5%8a%a1\/","url":"https:\/\/www.panarcos.com\/zh-hans\/%e6%8f%90%e4%be%9b%e6%9c%8d%e5%8a%a1\/","name":"Servicios de transporte internacional - Panarcos","isPartOf":{"@id":"https:\/\/www.panarcos.com\/zh-hans\/#website"},"datePublished":"2019-05-03T16:48:57+00:00","dateModified":"2019-06-03T07:40:39+00:00","description":"Panarcos ofrece servicios de transporte internacional terrestre, a\u00e9reo y mar\u00edtimo principalmente para importaciones entre Espa\u00f1a, EEUU y China.","breadcrumb":{"@id":"https:\/\/www.panarcos.com\/zh-hans\/%e6%8f%90%e4%be%9b%e6%9c%8d%e5%8a%a1\/#breadcrumb"},"inLanguage":"zh-Hans","potentialAction":[{"@type":"ReadAction","target":["https:\/\/www.panarcos.com\/zh-hans\/%e6%8f%90%e4%be%9b%e6%9c%8d%e5%8a%a1\/"]}]},{"@type":"BreadcrumbList","@id":"https:\/\/www.panarcos.com\/zh-hans\/%e6%8f%90%e4%be%9b%e6%9c%8d%e5%8a%a1\/#breadcrumb","itemListElement":[{"@type":"ListItem","position":1,"name":"Portada","item":"https:\/\/www.panarcos.com\/zh-hans\/"},{"@type":"ListItem","position":2,"name":"\u63d0\u4f9b\u670d\u52a1"}]},{"@type":"WebSite","@id":"https:\/\/www.panarcos.com\/zh-hans\/#website","url":"https:\/\/www.panarcos.com\/zh-hans\/","name":"Panarcos","description":"L\u00edder en transporte internacional. Espa\u00f1a EEUU Asia","publisher":{"@id":"https:\/\/www.panarcos.com\/zh-hans\/#organization"},"potentialAction":[{"@type":"SearchAction","target":{"@type":"EntryPoint","urlTemplate":"https:\/\/www.panarcos.com\/zh-hans\/?s={search_term_string}"},"query-input":{"@type":"PropertyValueSpecification","valueRequired":true,"valueName":"search_term_string"}}],"inLanguage":"zh-Hans"},{"@type":"Organization","@id":"https:\/\/www.panarcos.com\/zh-hans\/#organization","name":"Panarcos","url":"https:\/\/www.panarcos.com\/zh-hans\/","logo":{"@type":"ImageObject","inLanguage":"zh-Hans","@id":"https:\/\/www.panarcos.com\/zh-hans\/#\/schema\/logo\/image\/","url":"https:\/\/www.panarcos.com\/wp-content\/uploads\/2019\/05\/Panarcos_Frontal-Oficina.png","contentUrl":"https:\/\/www.panarcos.com\/wp-content\/uploads\/2019\/05\/Panarcos_Frontal-Oficina.png","width":785,"height":297,"caption":"Panarcos"},"image":{"@id":"https:\/\/www.panarcos.com\/zh-hans\/#\/schema\/logo\/image\/"}}]}},"_links":{"self":[{"href":"https:\/\/www.panarcos.com\/zh-hans\/wp-json\/wp\/v2\/pages\/587"}],"collection":[{"href":"https:\/\/www.panarcos.com\/zh-hans\/wp-json\/wp\/v2\/pages"}],"about":[{"href":"https:\/\/www.panarcos.com\/zh-hans\/wp-json\/wp\/v2\/types\/page"}],"author":[{"embeddable":true,"href":"https:\/\/www.panarcos.com\/zh-hans\/wp-json\/wp\/v2\/users\/1"}],"replies":[{"embeddable":true,"href":"https:\/\/www.panarcos.com\/zh-hans\/wp-json\/wp\/v2\/comments?post=587"}],"version-history":[{"count":7,"href":"https:\/\/www.panarcos.com\/zh-hans\/wp-json\/wp\/v2\/pages\/587\/revisions"}],"predecessor-version":[{"id":755,"href":"https:\/\/www.panarcos.com\/zh-hans\/wp-json\/wp\/v2\/pages\/587\/revisions\/755"}],"wp:attachment":[{"href":"https:\/\/www.panarcos.com\/zh-hans\/wp-json\/wp\/v2\/media?parent=587"}],"curies":[{"name":"wp","href":"https:\/\/api.w.org\/{rel}","templated":true}]}}