{"id":925,"date":"2019-05-03T18:52:43","date_gmt":"2019-05-03T16:52:43","guid":{"rendered":"http:\/\/www.panarcos.com\/trabaja-con-nosotros\/"},"modified":"2019-09-27T11:49:25","modified_gmt":"2019-09-27T09:49:25","slug":"work-with-us","status":"publish","type":"page","link":"https:\/\/www.panarcos.com\/en\/work-with-us\/","title":{"rendered":"Work with us"},"content":{"rendered":"<section class=\"wpb-content-wrapper\"><p>[vc_row full_width=&#8221;stretch_row&#8221; parallax=&#8221;content-moving&#8221; parallax_image=&#8221;60&#8243; parallax_speed_bg=&#8221;2&#8243; css=&#8221;.vc_custom_1556909155052{margin-top: 0px !important;margin-bottom: 0px !important;padding-top: 120px !important;padding-bottom: 120px !important;}&#8221;][vc_column][vc_custom_heading text=&#8221;WORK WITH US&#8221; font_container=&#8221;tag:h1|text_align:left|color:%23ffffff&#8221; use_theme_fonts=&#8221;yes&#8221;][\/vc_column][\/vc_row][vc_row full_width=&#8221;stretch_row&#8221; css=&#8221;.vc_custom_1556096005947{background-color: #ededed !important;}&#8221;][vc_column][vc_column_text]Panarcos es una empresa l\u00edder en el sector del transporte internacional en Espa\u00f1a. Su actividad principal consiste en transporte tanto por v\u00eda a\u00e9rea como mar\u00edtima, as\u00ed como la consolidaci\u00f3n, realizaci\u00f3n de bookings, carga y descarga de mercanc\u00edas, gestiones de despacho y con gran variedad de seguros a ofertar.<\/p>\n<p>Nuestra oficina principal est\u00e1 situada en Madrid, no obstante, ofrecemos servicios de transporte desde los principales puertos\/aeropuertos de Asia, Europa, Am\u00e9rica, Oriente Medio y \u00c1frica. Estamos comprometidos a ofrecer a nuestros clientes la mejor oferta y la forma m\u00e1s eficiente para transportar sus mercanc\u00edas.<\/p>\n<p>En el sector de comercio internacional, Panarcos ha establecido sucursal en China y se dedica a la exportaci\u00f3n de m\u00e1s de 20 tipos de productos alimenticios de Espa\u00f1a, incluyendo el aceite, el vino y el jam\u00f3n.[\/vc_column_text][\/vc_column][\/vc_row][vc_row][vc_column]<fieldset class=\"ozy-content-divider   wpb_content_element\" style=\"border-top-style:solid;border-top-width:1px;border-top-color:#fac033\"><legend class=\"dleft\" align=\"left\">Qu\u00e9 buscamos<\/legend><\/fieldset>[vc_column_text]Actualmente buscamos cubrir un puesto de ventas tanto para Asia como para Estados Unidos, para el que es imprescindible un nivel alto de espa\u00f1ol e ingl\u00e9s.<\/p>\n<p>Responsabilidades y obligaciones:<br \/>\n1) Responder a las necesidades de clientes actuales y buscar nuevos clientes.<br \/>\n2) Redacci\u00f3n de emails para nuestros clientes en espa\u00f1ol y para nuestros agentes internacionales en ingl\u00e9s.<br \/>\n3) Participaci\u00f3n en reuniones generales.[\/vc_column_text][\/vc_column][\/vc_row][vc_row][vc_column]<fieldset class=\"ozy-content-divider   wpb_content_element\" style=\"border-top-style:solid;border-top-width:1px;border-top-color:#fac033\"><legend class=\"dleft\" align=\"left\">Requisitos<\/legend><\/fieldset>[vc_column_text]<\/p>\n<ul>\n<li>Licenciatura o superior (preferiblemente en comercio internacional \/ gesti\u00f3n de log\u00edstica \/ econom\u00eda o afines).<\/li>\n<li>Idioma: espa\u00f1ol nativo, Chino C1 o nativo, Ingl\u00e9s B2 m\u00ednimo. Obligatorio habilidades de comunicaci\u00f3n verbal y escrita en todos los idiomas mencionados o al menos espa\u00f1ol e ingl\u00e9s.<\/li>\n<li>Competencias t\u00e9cnicas: nivel inform\u00e1tica y software de oficina (Word, Excel y power point).<\/li>\n<li>Competencias personales: habilidades de comunicaci\u00f3n, capacidad para trabajar bajo presi\u00f3n y en equipo, gran organizaci\u00f3n y aptitudes para resolver situaciones extremas.<\/li>\n<li>Preferible experiencia en comercio exterior.<\/li>\n<\/ul>\n<p>[\/vc_column_text]<fieldset class=\"ozy-content-divider   wpb_content_element\" style=\"border-top-style:solid;border-top-width:1px;border-top-color:#fac033\"><legend class=\"dleft\" align=\"left\">Datos del puesto<\/legend><\/fieldset>[\/vc_column][\/vc_row][vc_row][vc_column width=&#8221;1\/6&#8243;][\/vc_column][vc_column width=&#8221;2\/3&#8243;][vc_column_text]<\/p>\n<table id=\"tabla-trabaja\" border=\"1\" width=\"100%\" cellspacing=\"0\" cellpadding=\"0\">\n<tbody>\n<tr>\n<th width=\"40%\">Nombre de la empresa<\/th>\n<td width=\"60%\">Panarcos Internacional SLU<\/td>\n<\/tr>\n<tr>\n<th>Actividad empresarial<\/th>\n<td>Log\u00edstica internacional<\/td>\n<\/tr>\n<tr>\n<th>Zona<\/th>\n<td>Centro de Negocios Eisenhower, Barajas (Madrid)<\/td>\n<\/tr>\n<tr>\n<th>Horario<\/th>\n<td>L-V: 08:00-17:00, una hora de descanso (13:30-14:30\/14:30-15:30)<\/td>\n<\/tr>\n<tr>\n<th>Vacaciones<\/th>\n<td>30 d\u00edas (por a\u00f1o trabajado)<\/td>\n<\/tr>\n<tr>\n<th>Pagas<\/th>\n<td>16 anuales<\/td>\n<\/tr>\n<tr>\n<th>Comisiones<\/th>\n<td>Dependiendo de la productividad individual y de la empresa<\/td>\n<\/tr>\n<tr>\n<th>Puestos vacantes<\/th>\n<td>2-3<\/td>\n<\/tr>\n<tr>\n<th>Permiso de trabajo<\/th>\n<td>Obligatorio<\/td>\n<\/tr>\n<tr>\n<th>Idioma<\/th>\n<td>Espa\u00f1ol nativo, Chino flu\u00eddo, Ingl\u00e9s flu\u00eddo<\/td>\n<\/tr>\n<tr>\n<th>Tipo de puesto<\/th>\n<td>Jornada completa<\/td>\n<\/tr>\n<\/tbody>\n<\/table>\n<p>[\/vc_column_text][\/vc_column][vc_column width=&#8221;1\/6&#8243;][\/vc_column][\/vc_row][vc_row][vc_column][vc_cta h2=&#8221;M\u00e1ndanos tu curr\u00edculum&#8221; style=&#8221;custom&#8221; custom_background=&#8221;#fac033&#8243; custom_text=&#8221;#333333&#8243;]M\u00e1ndanos un CV (con foto) a nuestro correo electr\u00f3nico (<strong><a style=\"color: #333333;\" href=\"mailto:control1@panarcos.com\">control1@panarcos.com<\/a><\/strong>) y nos pondremos en contacto contigo para concretar una entrevista.[\/vc_cta][\/vc_column][\/vc_row][vc_row full_width=&#8221;stretch_row&#8221; css=&#8221;.vc_custom_1556096724273{margin-top: 0px !important;margin-bottom: 0px !important;padding-top: 40px !important;padding-right: 20% !important;padding-bottom: 40px !important;padding-left: 20% !important;background-color: #1c54a5 !important;}&#8221;][vc_column width=&#8221;3\/4&#8243; css=&#8221;.vc_custom_1556096833681{margin-top: 0px !important;padding-top: 0px !important;}&#8221;][vc_custom_heading text=&#8221;SOLICITA PRESUPUESTO&#8221; font_container=&#8221;tag:h3|text_align:left|color:%23ffffff&#8221; use_theme_fonts=&#8221;yes&#8221;][vc_custom_heading text=&#8221;P\u00eddenos informaci\u00f3n y resuelve cualquier duda.&#8221; font_container=&#8221;tag:h5|text_align:left|color:%23ffffff&#8221; use_theme_fonts=&#8221;yes&#8221;][\/vc_column][vc_column width=&#8221;1\/4&#8243; css=&#8221;.vc_custom_1556096842159{margin-top: 0px !important;padding-top: 0px !important;}&#8221;]<span  id=\"wofcb-85794\" class=\"ozy-custom_button_w\"><a id=\"ofcb-85794\" class=\"ozy-custom_button  ocbtn-6\"  href=\"http:\/\/www.panarcos.com\/contacto\/solicitar-presupuesto\/\"  target=\"\" >Solicitar presupuesto<span><\/span><\/a><\/span>[\/vc_column][\/vc_row]<\/p>\n<\/section>","protected":false},"excerpt":{"rendered":"<p>[vc_row full_width=&#8221;stretch_row&#8221; parallax=&#8221;content-moving&#8221; parallax_image=&#8221;60&#8243; parallax_speed_bg=&#8221;2&#8243; css=&#8221;.vc_custom_1556909155052{margin-top: 0px !important;margin-bottom: 0px !important;padding-top: 120px !important;padding-bottom: 120px !important;}&#8221;][vc_column][vc_custom_heading text=&#8221;WORK WITH US&#8221; font_container=&#8221;tag:h1|text_align:left|color:%23ffffff&#8221; use_theme_fonts=&#8221;yes&#8221;][\/vc_column][\/vc_row][vc_row full_width=&#8221;stretch_row&#8221; css=&#8221;.vc_custom_1556096005947{background-color: #ededed !important;}&#8221;][vc_column][vc_column_text]Panarcos es una empresa l\u00edder en el sector [&hellip;]<\/p>\n","protected":false},"author":1,"featured_media":0,"parent":0,"menu_order":0,"comment_status":"closed","ping_status":"closed","template":"","meta":{"footnotes":""},"yoast_head":"<!-- This site is optimized with the Yoast SEO plugin v24.5 - https:\/\/yoast.com\/wordpress\/plugins\/seo\/ -->\n<title>Work with us - Panarcos<\/title>\n<meta name=\"description\" content=\"Buscamos cubrir puestos de ventas tanto para Asia como Estados Unidos. Se requiere nivel alto de ingl\u00e9s y chino. Se ofrece jornada completa y comisiones.\" \/>\n<meta name=\"robots\" content=\"index, follow, max-snippet:-1, max-image-preview:large, max-video-preview:-1\" \/>\n<link rel=\"canonical\" href=\"https:\/\/www.panarcos.com\/en\/work-with-us\/\" \/>\n<meta property=\"og:locale\" content=\"en_US\" \/>\n<meta property=\"og:type\" content=\"article\" \/>\n<meta property=\"og:title\" content=\"Work with us - Panarcos\" \/>\n<meta property=\"og:description\" content=\"Buscamos cubrir puestos de ventas tanto para Asia como Estados Unidos. Se requiere nivel alto de ingl\u00e9s y chino. Se ofrece jornada completa y comisiones.\" \/>\n<meta property=\"og:url\" content=\"https:\/\/www.panarcos.com\/en\/work-with-us\/\" \/>\n<meta property=\"og:site_name\" content=\"Panarcos\" \/>\n<meta property=\"article:modified_time\" content=\"2019-09-27T09:49:25+00:00\" \/>\n<meta name=\"twitter:card\" content=\"summary_large_image\" \/>\n<meta name=\"twitter:label1\" content=\"Est. reading time\" \/>\n\t<meta name=\"twitter:data1\" content=\"4 minutes\" \/>\n<!-- \/ Yoast SEO plugin. -->","yoast_head_json":{"title":"Work with us - Panarcos","description":"Buscamos cubrir puestos de ventas tanto para Asia como Estados Unidos. Se requiere nivel alto de ingl\u00e9s y chino. Se ofrece jornada completa y comisiones.","robots":{"index":"index","follow":"follow","max-snippet":"max-snippet:-1","max-image-preview":"max-image-preview:large","max-video-preview":"max-video-preview:-1"},"canonical":"https:\/\/www.panarcos.com\/en\/work-with-us\/","og_locale":"en_US","og_type":"article","og_title":"Work with us - Panarcos","og_description":"Buscamos cubrir puestos de ventas tanto para Asia como Estados Unidos. Se requiere nivel alto de ingl\u00e9s y chino. Se ofrece jornada completa y comisiones.","og_url":"https:\/\/www.panarcos.com\/en\/work-with-us\/","og_site_name":"Panarcos","article_modified_time":"2019-09-27T09:49:25+00:00","twitter_card":"summary_large_image","twitter_misc":{"Est. reading time":"4 minutes"},"schema":{"@context":"https:\/\/schema.org","@graph":[{"@type":"WebPage","@id":"https:\/\/www.panarcos.com\/en\/work-with-us\/","url":"https:\/\/www.panarcos.com\/en\/work-with-us\/","name":"Work with us - Panarcos","isPartOf":{"@id":"https:\/\/www.panarcos.com\/en\/#website"},"datePublished":"2019-05-03T16:52:43+00:00","dateModified":"2019-09-27T09:49:25+00:00","description":"Buscamos cubrir puestos de ventas tanto para Asia como Estados Unidos. Se requiere nivel alto de ingl\u00e9s y chino. Se ofrece jornada completa y comisiones.","breadcrumb":{"@id":"https:\/\/www.panarcos.com\/en\/work-with-us\/#breadcrumb"},"inLanguage":"en-US","potentialAction":[{"@type":"ReadAction","target":["https:\/\/www.panarcos.com\/en\/work-with-us\/"]}]},{"@type":"BreadcrumbList","@id":"https:\/\/www.panarcos.com\/en\/work-with-us\/#breadcrumb","itemListElement":[{"@type":"ListItem","position":1,"name":"Portada","item":"https:\/\/www.panarcos.com\/en\/"},{"@type":"ListItem","position":2,"name":"Work with us"}]},{"@type":"WebSite","@id":"https:\/\/www.panarcos.com\/en\/#website","url":"https:\/\/www.panarcos.com\/en\/","name":"Panarcos","description":"L\u00edder en transporte internacional. Espa\u00f1a EEUU Asia","publisher":{"@id":"https:\/\/www.panarcos.com\/en\/#organization"},"potentialAction":[{"@type":"SearchAction","target":{"@type":"EntryPoint","urlTemplate":"https:\/\/www.panarcos.com\/en\/?s={search_term_string}"},"query-input":{"@type":"PropertyValueSpecification","valueRequired":true,"valueName":"search_term_string"}}],"inLanguage":"en-US"},{"@type":"Organization","@id":"https:\/\/www.panarcos.com\/en\/#organization","name":"Panarcos","url":"https:\/\/www.panarcos.com\/en\/","logo":{"@type":"ImageObject","inLanguage":"en-US","@id":"https:\/\/www.panarcos.com\/en\/#\/schema\/logo\/image\/","url":"https:\/\/www.panarcos.com\/wp-content\/uploads\/2019\/05\/Panarcos_Frontal-Oficina.png","contentUrl":"https:\/\/www.panarcos.com\/wp-content\/uploads\/2019\/05\/Panarcos_Frontal-Oficina.png","width":785,"height":297,"caption":"Panarcos"},"image":{"@id":"https:\/\/www.panarcos.com\/en\/#\/schema\/logo\/image\/"}}]}},"_links":{"self":[{"href":"https:\/\/www.panarcos.com\/en\/wp-json\/wp\/v2\/pages\/925"}],"collection":[{"href":"https:\/\/www.panarcos.com\/en\/wp-json\/wp\/v2\/pages"}],"about":[{"href":"https:\/\/www.panarcos.com\/en\/wp-json\/wp\/v2\/types\/page"}],"author":[{"embeddable":true,"href":"https:\/\/www.panarcos.com\/en\/wp-json\/wp\/v2\/users\/1"}],"replies":[{"embeddable":true,"href":"https:\/\/www.panarcos.com\/en\/wp-json\/wp\/v2\/comments?post=925"}],"version-history":[{"count":2,"href":"https:\/\/www.panarcos.com\/en\/wp-json\/wp\/v2\/pages\/925\/revisions"}],"predecessor-version":[{"id":927,"href":"https:\/\/www.panarcos.com\/en\/wp-json\/wp\/v2\/pages\/925\/revisions\/927"}],"wp:attachment":[{"href":"https:\/\/www.panarcos.com\/en\/wp-json\/wp\/v2\/media?parent=925"}],"curies":[{"name":"wp","href":"https:\/\/api.w.org\/{rel}","templated":true}]}}