{"id":923,"date":"2019-05-07T14:58:40","date_gmt":"2019-05-07T12:58:40","guid":{"rendered":"http:\/\/www.panarcos.com\/frequently-asked-questions\/calculo-de-impuestos-en-las-importaciones\/"},"modified":"2019-05-07T14:58:40","modified_gmt":"2019-05-07T12:58:40","slug":"calculo-de-impuestos-en-las-importaciones","status":"publish","type":"page","link":"https:\/\/www.panarcos.com\/en\/frequently-asked-questions\/calculo-de-impuestos-en-las-importaciones\/","title":{"rendered":"C\u00e1lculo de Impuestos en las Importaciones"},"content":{"rendered":"<section class=\"wpb-content-wrapper\"><p>[vc_row full_width=&#8221;stretch_row&#8221; parallax=&#8221;content-moving&#8221; parallax_image=&#8221;378&#8243; parallax_speed_bg=&#8221;2&#8243; css=&#8221;.vc_custom_1557234396472{margin-top: 0px !important;margin-bottom: 0px !important;padding-top: 120px !important;padding-bottom: 120px !important;}&#8221;][vc_column][vc_custom_heading text=&#8221;C\u00c1LCULO DE IMPUESTOS EN LAS IMPORTACIONES&#8221; font_container=&#8221;tag:h1|text_align:left|color:%23ffffff&#8221; use_theme_fonts=&#8221;yes&#8221;][\/vc_column][\/vc_row][vc_row][vc_column][vc_column_text]A continuaci\u00f3n te mostramos algunos casos de ejemplo.[\/vc_column_text][\/vc_column][\/vc_row][vc_row][vc_column][vc_column_text]<\/p>\n<h3>C\u00c1LCULO DE IMPUESTOS EN UNA IMPORTACI\u00d3N MAR\u00cdTIMA DE CHINA<\/h3>\n<h4>Ejemplo importaci\u00f3n mar\u00edtima FCL<\/h4>\n<p>En primer lugar, supongamos una <strong>importaci\u00f3n mar\u00edtima FCL de China<\/strong>, donde se han producido los siguientes gastos:<\/p>\n<ul>\n<li>En China: 500 USD (desde casa del proveedor hasta la carga del contenedor en el buque)<\/li>\n<li>Flete mar\u00edtimo: 800 USD<\/li>\n<li>Gastos en Espa\u00f1a:<\/li>\n<li>THC: 210 EUR<\/li>\n<li>T3: 50 EUR<\/li>\n<li>Transporte hasta casa del importador: 250 EUR<\/li>\n<li>Seguro: no hay seguro contratado con el transitario que organiza el transporte<\/li>\n<li>Resto de gastos en destino (documentaci\u00f3n, despacho aduanas, etc): 200 EUR<\/li>\n<\/ul>\n<p>Adem\u00e1s, tenemos los siguientes datos:<\/p>\n<ul>\n<li>Importe seg\u00fan factura comercial: 10.000 USD<\/li>\n<li>Mercanc\u00eda: pantalones largos de algod\u00f3n<\/li>\n<li>El agente de aduanas nos indica que la partida arancelaria aplicable es la 54026900 00, la cual lleva asociada un arancel del 4% para origen China, y el IVA del 21%.<\/li>\n<\/ul>\n<p>Los importes en divisa extranjera deben convertirse a EUR, y para ello se aplica el cambio oficial proporcionado por la Aduana con car\u00e1cter mensual. A efectos de los siguientes ejemplos, tomaremos como cambio: 1 EUR = 1,12 EUR.<\/p>\n<p>Con respecto al seguro del transporte, se tendr\u00e1 en cuenta el siguiente: (i) el seguro contratado con el transitario, si lo hay; o, el importe resultante de la propia p\u00f3liza de seguro que pueda tener el importador; (ii) en caso de no aplicar ninguno de los anteriores supuestos, se tendr\u00e1 en cuenta el &#8220;seguro a efectos de aduanas&#8221;, calcul\u00e1ndose el 3 por 1000 del valor de la factura comercial.<\/p>\n<h4>Ejemplo importaci\u00f3n en condiciones FOB<\/h4>\n<p>Ahora veamos el c\u00e1lculo de los impuestos para una importaci\u00f3n <strong>en condiciones FOB<\/strong>, en base a los anteriores datos:<\/p>\n<p>Valor Mercancia: 10.000 USD \/ 8928.57 EUR<br \/>\nFlete: 800 USD \/ 714.28 EUR<br \/>\nSeguro ( 3 por 1000) : 30 USD\/ 26.78 EUR<br \/>\nTotal: 9669.63 EUR<\/p>\n<p>Despu\u00e9s aplicamos el porcentaje de arancel correspondiente, seg\u00fan partida arancelaria y origen de la mercanc\u00eda:<\/p>\n<table border=\"0\" width=\"656\" cellspacing=\"0\" cellpadding=\"0\">\n<tbody>\n<tr>\n<td valign=\"bottom\" width=\"170\">Valor en Aduana<\/td>\n<td valign=\"bottom\" width=\"142\">9.669,63 \u20ac<\/td>\n<\/tr>\n<tr>\n<td valign=\"bottom\" width=\"170\">Arancel 4%<\/td>\n<td valign=\"bottom\" width=\"142\">389,78 \u20ac<\/td>\n<\/tr>\n<tr>\n<td valign=\"bottom\" width=\"170\"><strong>Total<\/strong><\/td>\n<td valign=\"bottom\" width=\"142\"><strong>10.0<\/strong><strong>56<\/strong><strong>,4<\/strong><strong>1<\/strong><strong> \u20ac<\/strong><\/td>\n<\/tr>\n<\/tbody>\n<\/table>\n<p>Calculamos la base de IVA, sumando los conceptos necesarios:<\/p>\n<table border=\"0\" width=\"656\" cellspacing=\"0\" cellpadding=\"0\">\n<tbody>\n<tr>\n<td valign=\"bottom\" width=\"171\">Valor en aduana +arancel<\/td>\n<td valign=\"bottom\" width=\"142\">10.056,41 \u20ac<\/td>\n<\/tr>\n<tr>\n<td valign=\"bottom\" width=\"171\">THC<\/td>\n<td valign=\"bottom\" width=\"142\">210,00 \u20ac<\/td>\n<\/tr>\n<tr>\n<td valign=\"bottom\" width=\"171\">T3<\/td>\n<td valign=\"bottom\" width=\"142\">50,00 \u20ac<\/td>\n<\/tr>\n<tr>\n<td valign=\"bottom\" width=\"171\"><strong>Total<\/strong><\/td>\n<td valign=\"bottom\" width=\"142\"><strong>10.316,41 \u20ac<\/strong><\/td>\n<\/tr>\n<\/tbody>\n<\/table>\n<p>Y sobre la base imponible, podemos aplicar ya el porcentaje de IVA<\/p>\n<table border=\"0\" width=\"656\" cellspacing=\"0\" cellpadding=\"0\">\n<tbody>\n<tr>\n<td valign=\"bottom\" width=\"171\">Base de IVA<\/td>\n<td valign=\"bottom\" width=\"142\">10.316,41 \u20ac<\/td>\n<\/tr>\n<tr>\n<td valign=\"bottom\" width=\"171\">IVA 21%<\/td>\n<td valign=\"bottom\" width=\"142\">2.166,44 \u20ac<\/td>\n<\/tr>\n<\/tbody>\n<\/table>\n<p>Como resultado, los impuestos de esta importaci\u00f3n ascender\u00edan a 389,78 Eur de Arancel, y 2.166,44 Eur de IVA.<\/p>\n<h4>Ejemplo importaci\u00f3n en otras condiciones<\/h4>\n<p>En caso de que la importaci\u00f3n fuera <strong>en condiciones EXW<\/strong>, deber\u00edamos a\u00f1adir los gastos en China, siendo el resto del proceso igual que la importaci\u00f3n en condiciones FOB:<br \/>\nLos impuestos de esta importaci\u00f3n ascender\u00edan a 775,22 Eur de Arancel, y 1.565,64 Eur de IVA.<\/p>\n<p>En las importaciones <strong>en condiciones CIF<\/strong>; no tendremos que hacer ning\u00fan c\u00e1lculo previo, m\u00e1s all\u00e1 de a\u00f1adir los importes de THC y T3.<\/p>\n<p>Lo mismo aplicar\u00eda para <strong>una importaci\u00f3n CFR<\/strong>, debiendo incorporar tambi\u00e9n el importe del seguro.<\/p>\n<p>[\/vc_column_text][\/vc_column][\/vc_row][vc_row full_width=&#8221;stretch_row&#8221; css=&#8221;.vc_custom_1556179264186{margin-top: 0px !important;margin-bottom: 0px !important;padding-top: 40px !important;padding-right: 20% !important;padding-bottom: 40px !important;padding-left: 20% !important;background-color: #1c54a5 !important;}&#8221;][vc_column width=&#8221;3\/4&#8243; css=&#8221;.vc_custom_1556179289753{margin-top: 0px !important;padding-top: 0px !important;}&#8221;][vc_custom_heading text=&#8221;SOLICITA PRESUPUESTO&#8221; font_container=&#8221;tag:h3|text_align:left|color:%23ffffff&#8221; use_theme_fonts=&#8221;yes&#8221;][vc_custom_heading text=&#8221;P\u00eddenos informaci\u00f3n y resuelve cualquier duda.&#8221; font_container=&#8221;tag:h5|text_align:left|color:%23ffffff&#8221; use_theme_fonts=&#8221;yes&#8221;][\/vc_column][vc_column width=&#8221;1\/4&#8243; css=&#8221;.vc_custom_1556179296084{margin-top: 0px !important;padding-top: 0px !important;}&#8221;]<span  id=\"wofcb-68182\" class=\"ozy-custom_button_w\"><a id=\"ofcb-68182\" class=\"ozy-custom_button  ocbtn-6\"  href=\"http:\/\/www.panarcos.com\/contacto\/solicitar-presupuesto\/\"  target=\"\" >Solicitar presupuesto<span><\/span><\/a><\/span>[\/vc_column][\/vc_row]<\/p>\n<\/section>","protected":false},"excerpt":{"rendered":"<p>[vc_row full_width=&#8221;stretch_row&#8221; parallax=&#8221;content-moving&#8221; parallax_image=&#8221;378&#8243; parallax_speed_bg=&#8221;2&#8243; css=&#8221;.vc_custom_1557234396472{margin-top: 0px !important;margin-bottom: 0px !important;padding-top: 120px !important;padding-bottom: 120px !important;}&#8221;][vc_column][vc_custom_heading text=&#8221;C\u00c1LCULO DE IMPUESTOS EN LAS IMPORTACIONES&#8221; font_container=&#8221;tag:h1|text_align:left|color:%23ffffff&#8221; use_theme_fonts=&#8221;yes&#8221;][\/vc_column][\/vc_row][vc_row][vc_column][vc_column_text]A continuaci\u00f3n te mostramos algunos casos de ejemplo.[\/vc_column_text][\/vc_column][\/vc_row][vc_row][vc_column][vc_column_text] C\u00c1LCULO [&hellip;]<\/p>\n","protected":false},"author":1,"featured_media":0,"parent":916,"menu_order":0,"comment_status":"closed","ping_status":"closed","template":"","meta":{"footnotes":""},"yoast_head":"<!-- This site is optimized with the Yoast SEO plugin v24.5 - https:\/\/yoast.com\/wordpress\/plugins\/seo\/ -->\n<title>C\u00e1lculo de Impuestos en las Importaciones - Panarcos<\/title>\n<meta name=\"description\" content=\"Ejemplos de c\u00e1lculo de impuestos en importaciones internacionales de mercanc\u00edas a China.\" \/>\n<meta name=\"robots\" content=\"index, follow, max-snippet:-1, max-image-preview:large, max-video-preview:-1\" \/>\n<link rel=\"canonical\" href=\"https:\/\/www.panarcos.com\/en\/frequently-asked-questions\/calculo-de-impuestos-en-las-importaciones\/\" \/>\n<meta property=\"og:locale\" content=\"en_US\" \/>\n<meta property=\"og:type\" content=\"article\" \/>\n<meta property=\"og:title\" content=\"C\u00e1lculo de Impuestos en las Importaciones - Panarcos\" \/>\n<meta property=\"og:description\" content=\"Ejemplos de c\u00e1lculo de impuestos en importaciones internacionales de mercanc\u00edas a China.\" \/>\n<meta property=\"og:url\" content=\"https:\/\/www.panarcos.com\/en\/frequently-asked-questions\/calculo-de-impuestos-en-las-importaciones\/\" \/>\n<meta property=\"og:site_name\" content=\"Panarcos\" \/>\n<meta name=\"twitter:card\" content=\"summary_large_image\" \/>\n<meta name=\"twitter:label1\" content=\"Est. reading time\" \/>\n\t<meta name=\"twitter:data1\" content=\"3 minutes\" \/>\n<!-- \/ Yoast SEO plugin. -->","yoast_head_json":{"title":"C\u00e1lculo de Impuestos en las Importaciones - Panarcos","description":"Ejemplos de c\u00e1lculo de impuestos en importaciones internacionales de mercanc\u00edas a China.","robots":{"index":"index","follow":"follow","max-snippet":"max-snippet:-1","max-image-preview":"max-image-preview:large","max-video-preview":"max-video-preview:-1"},"canonical":"https:\/\/www.panarcos.com\/en\/frequently-asked-questions\/calculo-de-impuestos-en-las-importaciones\/","og_locale":"en_US","og_type":"article","og_title":"C\u00e1lculo de Impuestos en las Importaciones - Panarcos","og_description":"Ejemplos de c\u00e1lculo de impuestos en importaciones internacionales de mercanc\u00edas a China.","og_url":"https:\/\/www.panarcos.com\/en\/frequently-asked-questions\/calculo-de-impuestos-en-las-importaciones\/","og_site_name":"Panarcos","twitter_card":"summary_large_image","twitter_misc":{"Est. reading time":"3 minutes"},"schema":{"@context":"https:\/\/schema.org","@graph":[{"@type":"WebPage","@id":"https:\/\/www.panarcos.com\/en\/frequently-asked-questions\/calculo-de-impuestos-en-las-importaciones\/","url":"https:\/\/www.panarcos.com\/en\/frequently-asked-questions\/calculo-de-impuestos-en-las-importaciones\/","name":"C\u00e1lculo de Impuestos en las Importaciones - Panarcos","isPartOf":{"@id":"https:\/\/www.panarcos.com\/en\/#website"},"datePublished":"2019-05-07T12:58:40+00:00","description":"Ejemplos de c\u00e1lculo de impuestos en importaciones internacionales de mercanc\u00edas a China.","breadcrumb":{"@id":"https:\/\/www.panarcos.com\/en\/frequently-asked-questions\/calculo-de-impuestos-en-las-importaciones\/#breadcrumb"},"inLanguage":"en-US","potentialAction":[{"@type":"ReadAction","target":["https:\/\/www.panarcos.com\/en\/frequently-asked-questions\/calculo-de-impuestos-en-las-importaciones\/"]}]},{"@type":"BreadcrumbList","@id":"https:\/\/www.panarcos.com\/en\/frequently-asked-questions\/calculo-de-impuestos-en-las-importaciones\/#breadcrumb","itemListElement":[{"@type":"ListItem","position":1,"name":"Portada","item":"https:\/\/www.panarcos.com\/en\/"},{"@type":"ListItem","position":2,"name":"FAQ","item":"https:\/\/www.panarcos.com\/en\/frequently-asked-questions\/"},{"@type":"ListItem","position":3,"name":"C\u00e1lculo de Impuestos en las Importaciones"}]},{"@type":"WebSite","@id":"https:\/\/www.panarcos.com\/en\/#website","url":"https:\/\/www.panarcos.com\/en\/","name":"Panarcos","description":"L\u00edder en transporte internacional. Espa\u00f1a EEUU Asia","publisher":{"@id":"https:\/\/www.panarcos.com\/en\/#organization"},"potentialAction":[{"@type":"SearchAction","target":{"@type":"EntryPoint","urlTemplate":"https:\/\/www.panarcos.com\/en\/?s={search_term_string}"},"query-input":{"@type":"PropertyValueSpecification","valueRequired":true,"valueName":"search_term_string"}}],"inLanguage":"en-US"},{"@type":"Organization","@id":"https:\/\/www.panarcos.com\/en\/#organization","name":"Panarcos","url":"https:\/\/www.panarcos.com\/en\/","logo":{"@type":"ImageObject","inLanguage":"en-US","@id":"https:\/\/www.panarcos.com\/en\/#\/schema\/logo\/image\/","url":"https:\/\/www.panarcos.com\/wp-content\/uploads\/2019\/05\/Panarcos_Frontal-Oficina.png","contentUrl":"https:\/\/www.panarcos.com\/wp-content\/uploads\/2019\/05\/Panarcos_Frontal-Oficina.png","width":785,"height":297,"caption":"Panarcos"},"image":{"@id":"https:\/\/www.panarcos.com\/en\/#\/schema\/logo\/image\/"}}]}},"_links":{"self":[{"href":"https:\/\/www.panarcos.com\/en\/wp-json\/wp\/v2\/pages\/923"}],"collection":[{"href":"https:\/\/www.panarcos.com\/en\/wp-json\/wp\/v2\/pages"}],"about":[{"href":"https:\/\/www.panarcos.com\/en\/wp-json\/wp\/v2\/types\/page"}],"author":[{"embeddable":true,"href":"https:\/\/www.panarcos.com\/en\/wp-json\/wp\/v2\/users\/1"}],"replies":[{"embeddable":true,"href":"https:\/\/www.panarcos.com\/en\/wp-json\/wp\/v2\/comments?post=923"}],"version-history":[{"count":0,"href":"https:\/\/www.panarcos.com\/en\/wp-json\/wp\/v2\/pages\/923\/revisions"}],"up":[{"embeddable":true,"href":"https:\/\/www.panarcos.com\/en\/wp-json\/wp\/v2\/pages\/916"}],"wp:attachment":[{"href":"https:\/\/www.panarcos.com\/en\/wp-json\/wp\/v2\/media?parent=923"}],"curies":[{"name":"wp","href":"https:\/\/api.w.org\/{rel}","templated":true}]}}