{"id":916,"date":"2019-05-03T18:43:45","date_gmt":"2019-05-03T16:43:45","guid":{"rendered":"http:\/\/www.panarcos.com\/preguntas-frecuentes\/"},"modified":"2019-09-27T11:51:33","modified_gmt":"2019-09-27T09:51:33","slug":"frequently-asked-questions","status":"publish","type":"page","link":"https:\/\/www.panarcos.com\/en\/frequently-asked-questions\/","title":{"rendered":"FAQ"},"content":{"rendered":"<section class=\"wpb-content-wrapper\"><p>[vc_row full_width=&#8221;stretch_row&#8221; parallax=&#8221;content-moving&#8221; parallax_image=&#8221;824&#8243; parallax_speed_bg=&#8221;2&#8243; css=&#8221;.vc_custom_1561630351563{margin-top: 0px !important;margin-bottom: 0px !important;padding-top: 120px !important;padding-bottom: 120px !important;}&#8221;][vc_column][vc_custom_heading text=&#8221;FAQ&#8221; font_container=&#8221;tag:h1|text_align:left|color:%23ffffff&#8221; use_theme_fonts=&#8221;yes&#8221;][\/vc_column][\/vc_row][vc_row][vc_column width=&#8221;1\/2&#8243;]<div id=\"ochvbx-7346\" class=\"ozy-cta-hover-box full_box box-left wpb_content_element \" style=\";min-height:240px\"><a href=\"http:\/\/www.panarcos.com\/en\/frequently-asked-questions\/incoterms\/\"  target=\"\" class=\"heading-font-family\">\n<h4>Incoterms<\/h4>\n<p>International Chamber of Commerce rules for the use of national and international commercial terms.<\/p><i class=\"oic-right-open box-icon\"><\/i><\/a><\/div>[\/vc_column][vc_column width=&#8221;1\/2&#8243;]<div id=\"ochvbx-1739\" class=\"ozy-cta-hover-box full_box box-left wpb_content_element \" style=\";min-height:240px\"><a href=\"http:\/\/www.panarcos.com\/en\/frequently-asked-questions\/containers\/\"  target=\"\" class=\"heading-font-family\">\n<h4>Containers<\/h4>\n<p>Dimensions of air and sea containers.<\/p><i class=\"oic-right-open box-icon\"><\/i><\/a><\/div>[\/vc_column][\/vc_row][vc_row full_width=&#8221;stretch_row&#8221; css=&#8221;.vc_custom_1556177248111{margin-top: 0px !important;margin-bottom: 0px !important;padding-top: 40px !important;padding-right: 20% !important;padding-bottom: 40px !important;padding-left: 20% !important;background-color: #1c54a5 !important;}&#8221;][vc_column width=&#8221;3\/4&#8243; css=&#8221;.vc_custom_1556177323513{margin-top: 0px !important;padding-top: 0px !important;}&#8221;][vc_custom_heading text=&#8221;REQUEST A QUOTE&#8221; font_container=&#8221;tag:h3|text_align:left|color:%23ffffff&#8221; use_theme_fonts=&#8221;yes&#8221;][vc_custom_heading text=&#8221;Ask for further information and solve all your inquiries.&#8221; font_container=&#8221;tag:h5|text_align:left|color:%23ffffff&#8221; use_theme_fonts=&#8221;yes&#8221;][\/vc_column][vc_column width=&#8221;1\/4&#8243; css=&#8221;.vc_custom_1556177330820{margin-top: 0px !important;padding-top: 0px !important;}&#8221;]<span  id=\"wofcb-57697\" class=\"ozy-custom_button_w\"><a id=\"ofcb-57697\" class=\"ozy-custom_button  ocbtn-6\"  href=\"http:\/\/www.panarcos.com\/en\/contact\/request-a-quote\/\"  target=\"\" >REQUEST A QUOTE<span><\/span><\/a><\/span>[\/vc_column][\/vc_row]<\/p>\n<\/section>","protected":false},"excerpt":{"rendered":"<p>[vc_row full_width=&#8221;stretch_row&#8221; parallax=&#8221;content-moving&#8221; parallax_image=&#8221;824&#8243; parallax_speed_bg=&#8221;2&#8243; css=&#8221;.vc_custom_1561630351563{margin-top: 0px !important;margin-bottom: 0px !important;padding-top: 120px !important;padding-bottom: 120px !important;}&#8221;][vc_column][vc_custom_heading text=&#8221;FAQ&#8221; font_container=&#8221;tag:h1|text_align:left|color:%23ffffff&#8221; use_theme_fonts=&#8221;yes&#8221;][\/vc_column][\/vc_row][vc_row][vc_column width=&#8221;1\/2&#8243;][\/vc_column][vc_column width=&#8221;1\/2&#8243;][\/vc_column][\/vc_row][vc_row full_width=&#8221;stretch_row&#8221; css=&#8221;.vc_custom_1556177248111{margin-top: 0px !important;margin-bottom: 0px !important;padding-top: 40px !important;padding-right: 20% !important;padding-bottom: 40px [&hellip;]<\/p>\n","protected":false},"author":1,"featured_media":0,"parent":0,"menu_order":0,"comment_status":"closed","ping_status":"closed","template":"","meta":{"footnotes":""},"yoast_head":"<!-- This site is optimized with the Yoast SEO plugin v24.5 - https:\/\/yoast.com\/wordpress\/plugins\/seo\/ -->\n<title>FAQ - Panarcos<\/title>\n<meta name=\"description\" content=\"Respuestas sobre t\u00e9rminos comerciales, tipos de contenedores y c\u00e1lculo de impuestos en importaciones internacionales de mercanc\u00edas.\" \/>\n<meta name=\"robots\" content=\"noindex, follow\" \/>\n<meta property=\"og:locale\" content=\"en_US\" \/>\n<meta property=\"og:type\" content=\"article\" \/>\n<meta property=\"og:title\" content=\"FAQ - Panarcos\" \/>\n<meta property=\"og:description\" content=\"Respuestas sobre t\u00e9rminos comerciales, tipos de contenedores y c\u00e1lculo de impuestos en importaciones internacionales de mercanc\u00edas.\" \/>\n<meta property=\"og:url\" content=\"https:\/\/www.panarcos.com\/en\/frequently-asked-questions\/\" \/>\n<meta property=\"og:site_name\" content=\"Panarcos\" \/>\n<meta property=\"article:modified_time\" content=\"2019-09-27T09:51:33+00:00\" \/>\n<meta name=\"twitter:card\" content=\"summary_large_image\" \/>\n<meta name=\"twitter:label1\" content=\"Est. reading time\" \/>\n\t<meta name=\"twitter:data1\" content=\"2 minutes\" \/>\n<!-- \/ Yoast SEO plugin. -->","yoast_head_json":{"title":"FAQ - Panarcos","description":"Respuestas sobre t\u00e9rminos comerciales, tipos de contenedores y c\u00e1lculo de impuestos en importaciones internacionales de mercanc\u00edas.","robots":{"index":"noindex","follow":"follow"},"og_locale":"en_US","og_type":"article","og_title":"FAQ - Panarcos","og_description":"Respuestas sobre t\u00e9rminos comerciales, tipos de contenedores y c\u00e1lculo de impuestos en importaciones internacionales de mercanc\u00edas.","og_url":"https:\/\/www.panarcos.com\/en\/frequently-asked-questions\/","og_site_name":"Panarcos","article_modified_time":"2019-09-27T09:51:33+00:00","twitter_card":"summary_large_image","twitter_misc":{"Est. reading time":"2 minutes"},"schema":{"@context":"https:\/\/schema.org","@graph":[{"@type":"WebPage","@id":"https:\/\/www.panarcos.com\/en\/frequently-asked-questions\/","url":"https:\/\/www.panarcos.com\/en\/frequently-asked-questions\/","name":"FAQ - Panarcos","isPartOf":{"@id":"https:\/\/www.panarcos.com\/en\/#website"},"datePublished":"2019-05-03T16:43:45+00:00","dateModified":"2019-09-27T09:51:33+00:00","description":"Respuestas sobre t\u00e9rminos comerciales, tipos de contenedores y c\u00e1lculo de impuestos en importaciones internacionales de mercanc\u00edas.","breadcrumb":{"@id":"https:\/\/www.panarcos.com\/en\/frequently-asked-questions\/#breadcrumb"},"inLanguage":"en-US","potentialAction":[{"@type":"ReadAction","target":["https:\/\/www.panarcos.com\/en\/frequently-asked-questions\/"]}]},{"@type":"BreadcrumbList","@id":"https:\/\/www.panarcos.com\/en\/frequently-asked-questions\/#breadcrumb","itemListElement":[{"@type":"ListItem","position":1,"name":"Portada","item":"https:\/\/www.panarcos.com\/en\/"},{"@type":"ListItem","position":2,"name":"FAQ"}]},{"@type":"WebSite","@id":"https:\/\/www.panarcos.com\/en\/#website","url":"https:\/\/www.panarcos.com\/en\/","name":"Panarcos","description":"L\u00edder en transporte internacional. Espa\u00f1a EEUU Asia","publisher":{"@id":"https:\/\/www.panarcos.com\/en\/#organization"},"potentialAction":[{"@type":"SearchAction","target":{"@type":"EntryPoint","urlTemplate":"https:\/\/www.panarcos.com\/en\/?s={search_term_string}"},"query-input":{"@type":"PropertyValueSpecification","valueRequired":true,"valueName":"search_term_string"}}],"inLanguage":"en-US"},{"@type":"Organization","@id":"https:\/\/www.panarcos.com\/en\/#organization","name":"Panarcos","url":"https:\/\/www.panarcos.com\/en\/","logo":{"@type":"ImageObject","inLanguage":"en-US","@id":"https:\/\/www.panarcos.com\/en\/#\/schema\/logo\/image\/","url":"https:\/\/www.panarcos.com\/wp-content\/uploads\/2019\/05\/Panarcos_Frontal-Oficina.png","contentUrl":"https:\/\/www.panarcos.com\/wp-content\/uploads\/2019\/05\/Panarcos_Frontal-Oficina.png","width":785,"height":297,"caption":"Panarcos"},"image":{"@id":"https:\/\/www.panarcos.com\/en\/#\/schema\/logo\/image\/"}}]}},"_links":{"self":[{"href":"https:\/\/www.panarcos.com\/en\/wp-json\/wp\/v2\/pages\/916"}],"collection":[{"href":"https:\/\/www.panarcos.com\/en\/wp-json\/wp\/v2\/pages"}],"about":[{"href":"https:\/\/www.panarcos.com\/en\/wp-json\/wp\/v2\/types\/page"}],"author":[{"embeddable":true,"href":"https:\/\/www.panarcos.com\/en\/wp-json\/wp\/v2\/users\/1"}],"replies":[{"embeddable":true,"href":"https:\/\/www.panarcos.com\/en\/wp-json\/wp\/v2\/comments?post=916"}],"version-history":[{"count":3,"href":"https:\/\/www.panarcos.com\/en\/wp-json\/wp\/v2\/pages\/916\/revisions"}],"predecessor-version":[{"id":929,"href":"https:\/\/www.panarcos.com\/en\/wp-json\/wp\/v2\/pages\/916\/revisions\/929"}],"wp:attachment":[{"href":"https:\/\/www.panarcos.com\/en\/wp-json\/wp\/v2\/media?parent=916"}],"curies":[{"name":"wp","href":"https:\/\/api.w.org\/{rel}","templated":true}]}}