{"id":855,"date":"2019-05-03T18:48:20","date_gmt":"2019-05-03T16:48:20","guid":{"rendered":"http:\/\/www.panarcos.com\/politica-de-privacidad\/"},"modified":"2019-09-27T09:18:26","modified_gmt":"2019-09-27T07:18:26","slug":"privacy-policy","status":"publish","type":"page","link":"https:\/\/www.panarcos.com\/en\/privacy-policy\/","title":{"rendered":"Privacy policy"},"content":{"rendered":"<section class=\"wpb-content-wrapper\"><p>[vc_row css=&#8221;.vc_custom_1554132017875{margin-top: 0px !important;margin-bottom: 0px !important;padding-top: 100px !important;padding-bottom: 30px !important;}&#8221;][vc_column][vc_custom_heading text=&#8221;PRIVACY POLICY&#8221; font_container=&#8221;tag:h1|text_align:left|color:%23fac033&#8243; use_theme_fonts=&#8221;yes&#8221;][\/vc_column][\/vc_row][vc_row][vc_column]<div id=\"title-with-icon_icon6583\" class=\"title-with-icon-wrapper rectangle medium \" data-color=\"\">\r\n\t\t\t<div class=\"wpb_content_element title-with-icon clearfix \"><h3 class=\"no-icon content-color\" style=\"\">CONSENTIMIENTO PARA EL TRATAMIENTO DE DATOS PERSONALES<\/h3>\r\n\t\t\t<\/div><\/div>[vc_column_text]PANARCOS INTERNACIONAL SLU es el Responsable del tratamiento de los datos personales del Usuario y le informa que estos datos ser\u00e1n tratados de conformidad con lo dispuesto en las normativas vigentes en protecci\u00f3n de datos personales, el Reglamento (UE) 2016\/679 de 27 de abril de 2016 (GDPR) y la Ley Org\u00e1nica (ES) 15\/1999 de 13 de diciembre (LOPD), por lo que se le facilita la siguiente informaci\u00f3n del tratamiento:<\/p>\n<p>Fin del tratamiento: mantener una relaci\u00f3n comercial y el env\u00edo de comunicaciones sobre nuestros productos y servicios.<\/p>\n<p>Criterios de conservaci\u00f3n de los datos: se conservar\u00e1n mientras exista un inter\u00e9s mutuo para mantener el fin del tratamiento y cuando ya no sea necesario para tal fin, se suprimir\u00e1n con medidas de seguridad adecuadas para garantizar la seudonimizaci\u00f3n de los datos o la destrucci\u00f3n total de los mismos.<\/p>\n<p>Comunicaci\u00f3n de los datos: No se comunicar\u00e1n los datos a terceros, salvo obligaci\u00f3n legal.<\/p>\n<p><strong>Derechos que asisten al Usuario:<\/strong><\/p>\n<ul>\n<li>Derecho a retirar el consentimiento en cualquier momento.<\/li>\n<li>Derecho de acceso, rectificaci\u00f3n, portabilidad y supresi\u00f3n de sus datos y a la limitaci\u00f3n u oposici\u00f3n al su tratamiento.<\/li>\n<li>Derecho a presentar una reclamaci\u00f3n ante la Autoridad de control (agpd.es) si considera que el tratamiento no se ajusta a la normativa vigente.<\/li>\n<\/ul>\n<p><strong>Datos de contacto para ejercer sus derechos:<\/strong><\/p>\n<p>Direcci\u00f3n postal: PANARCOS INTERNACIONAL SLU. Centro Negocios Eisenhower, Avda. Sur del Aeropuerto de Barajas, 28 28042 Madrid (MADRID)<br \/>\nDirecci\u00f3n electr\u00f3nica: <a href=\"mailto:control1@panarcos.com\">control1@panarcos.com<\/a>[\/vc_column_text][\/vc_column][\/vc_row]<\/p>\n<\/section>","protected":false},"excerpt":{"rendered":"<p>[vc_row css=&#8221;.vc_custom_1554132017875{margin-top: 0px !important;margin-bottom: 0px !important;padding-top: 100px !important;padding-bottom: 30px !important;}&#8221;][vc_column][vc_custom_heading text=&#8221;PRIVACY POLICY&#8221; font_container=&#8221;tag:h1|text_align:left|color:%23fac033&#8243; use_theme_fonts=&#8221;yes&#8221;][\/vc_column][\/vc_row][vc_row][vc_column][vc_column_text]PANARCOS INTERNACIONAL SLU es el Responsable del tratamiento de los datos personales del Usuario y le informa [&hellip;]<\/p>\n","protected":false},"author":1,"featured_media":0,"parent":0,"menu_order":0,"comment_status":"closed","ping_status":"closed","template":"","meta":{"footnotes":""},"yoast_head":"<!-- This site is optimized with the Yoast SEO plugin v24.5 - https:\/\/yoast.com\/wordpress\/plugins\/seo\/ -->\n<title>Privacy policy - Panarcos<\/title>\n<meta name=\"description\" content=\"PANARCOS INTERNACIONAL SLU es el Responsable del tratamiento de los datos personales del Usuario y le informa que estos datos ser\u00e1n tratados de\" \/>\n<meta name=\"robots\" content=\"noindex, follow\" \/>\n<meta property=\"og:locale\" content=\"en_US\" \/>\n<meta property=\"og:type\" content=\"article\" \/>\n<meta property=\"og:title\" content=\"Privacy policy - Panarcos\" \/>\n<meta property=\"og:description\" content=\"PANARCOS INTERNACIONAL SLU es el Responsable del tratamiento de los datos personales del Usuario y le informa que estos datos ser\u00e1n tratados de\" \/>\n<meta property=\"og:url\" content=\"https:\/\/www.panarcos.com\/en\/privacy-policy\/\" \/>\n<meta property=\"og:site_name\" content=\"Panarcos\" \/>\n<meta property=\"article:modified_time\" content=\"2019-09-27T07:18:26+00:00\" \/>\n<meta name=\"twitter:card\" content=\"summary_large_image\" \/>\n<meta name=\"twitter:label1\" content=\"Est. reading time\" \/>\n\t<meta name=\"twitter:data1\" content=\"2 minutes\" \/>\n<!-- \/ Yoast SEO plugin. -->","yoast_head_json":{"title":"Privacy policy - Panarcos","description":"PANARCOS INTERNACIONAL SLU es el Responsable del tratamiento de los datos personales del Usuario y le informa que estos datos ser\u00e1n tratados de","robots":{"index":"noindex","follow":"follow"},"og_locale":"en_US","og_type":"article","og_title":"Privacy policy - Panarcos","og_description":"PANARCOS INTERNACIONAL SLU es el Responsable del tratamiento de los datos personales del Usuario y le informa que estos datos ser\u00e1n tratados de","og_url":"https:\/\/www.panarcos.com\/en\/privacy-policy\/","og_site_name":"Panarcos","article_modified_time":"2019-09-27T07:18:26+00:00","twitter_card":"summary_large_image","twitter_misc":{"Est. reading time":"2 minutes"},"schema":{"@context":"https:\/\/schema.org","@graph":[{"@type":"WebPage","@id":"https:\/\/www.panarcos.com\/en\/privacy-policy\/","url":"https:\/\/www.panarcos.com\/en\/privacy-policy\/","name":"Privacy policy - Panarcos","isPartOf":{"@id":"https:\/\/www.panarcos.com\/en\/#website"},"datePublished":"2019-05-03T16:48:20+00:00","dateModified":"2019-09-27T07:18:26+00:00","description":"PANARCOS INTERNACIONAL SLU es el Responsable del tratamiento de los datos personales del Usuario y le informa que estos datos ser\u00e1n tratados de","breadcrumb":{"@id":"https:\/\/www.panarcos.com\/en\/privacy-policy\/#breadcrumb"},"inLanguage":"en-US","potentialAction":[{"@type":"ReadAction","target":["https:\/\/www.panarcos.com\/en\/privacy-policy\/"]}]},{"@type":"BreadcrumbList","@id":"https:\/\/www.panarcos.com\/en\/privacy-policy\/#breadcrumb","itemListElement":[{"@type":"ListItem","position":1,"name":"Portada","item":"https:\/\/www.panarcos.com\/en\/"},{"@type":"ListItem","position":2,"name":"Privacy policy"}]},{"@type":"WebSite","@id":"https:\/\/www.panarcos.com\/en\/#website","url":"https:\/\/www.panarcos.com\/en\/","name":"Panarcos","description":"L\u00edder en transporte internacional. Espa\u00f1a EEUU Asia","publisher":{"@id":"https:\/\/www.panarcos.com\/en\/#organization"},"potentialAction":[{"@type":"SearchAction","target":{"@type":"EntryPoint","urlTemplate":"https:\/\/www.panarcos.com\/en\/?s={search_term_string}"},"query-input":{"@type":"PropertyValueSpecification","valueRequired":true,"valueName":"search_term_string"}}],"inLanguage":"en-US"},{"@type":"Organization","@id":"https:\/\/www.panarcos.com\/en\/#organization","name":"Panarcos","url":"https:\/\/www.panarcos.com\/en\/","logo":{"@type":"ImageObject","inLanguage":"en-US","@id":"https:\/\/www.panarcos.com\/en\/#\/schema\/logo\/image\/","url":"https:\/\/www.panarcos.com\/wp-content\/uploads\/2019\/05\/Panarcos_Frontal-Oficina.png","contentUrl":"https:\/\/www.panarcos.com\/wp-content\/uploads\/2019\/05\/Panarcos_Frontal-Oficina.png","width":785,"height":297,"caption":"Panarcos"},"image":{"@id":"https:\/\/www.panarcos.com\/en\/#\/schema\/logo\/image\/"}}]}},"_links":{"self":[{"href":"https:\/\/www.panarcos.com\/en\/wp-json\/wp\/v2\/pages\/855"}],"collection":[{"href":"https:\/\/www.panarcos.com\/en\/wp-json\/wp\/v2\/pages"}],"about":[{"href":"https:\/\/www.panarcos.com\/en\/wp-json\/wp\/v2\/types\/page"}],"author":[{"embeddable":true,"href":"https:\/\/www.panarcos.com\/en\/wp-json\/wp\/v2\/users\/1"}],"replies":[{"embeddable":true,"href":"https:\/\/www.panarcos.com\/en\/wp-json\/wp\/v2\/comments?post=855"}],"version-history":[{"count":2,"href":"https:\/\/www.panarcos.com\/en\/wp-json\/wp\/v2\/pages\/855\/revisions"}],"predecessor-version":[{"id":857,"href":"https:\/\/www.panarcos.com\/en\/wp-json\/wp\/v2\/pages\/855\/revisions\/857"}],"wp:attachment":[{"href":"https:\/\/www.panarcos.com\/en\/wp-json\/wp\/v2\/media?parent=855"}],"curies":[{"name":"wp","href":"https:\/\/api.w.org\/{rel}","templated":true}]}}